{"id":92,"date":"2025-07-28T21:32:41","date_gmt":"2025-07-29T01:32:41","guid":{"rendered":"https:\/\/www.robertoaragao.com\/contact\/"},"modified":"2025-07-29T18:59:28","modified_gmt":"2025-07-29T22:59:28","slug":"contato","status":"publish","type":"page","link":"https:\/\/www.robertoaragao.com\/pt-br\/contato\/","title":{"rendered":"Contato"},"content":{"rendered":"<h1>Entre em contato<\/h1>\n<div>\n<p>Tem alguma d\u00favida, sugest\u00e3o ou quer apenas dizer oi? Envie-me uma mensagem usando o formul\u00e1rio nesta p\u00e1gina! Farei o poss\u00edvel para responder em breve. Obrigado pela visita!<\/p>\n<\/div>\n<p><!--more--><br \/>\n<!-- {\"type\":\"layout\",\"children\":[{\"type\":\"section\",\"props\":{\"header_transparent\":true,\"height\":\"page\",\"image_position\":\"center-center\",\"style\":\"secondary\",\"title_breakpoint\":\"xl\",\"title_position\":\"top-left\",\"title_rotation\":\"left\",\"vertical_align\":\"middle\",\"width\":\"default\"},\"children\":[{\"type\":\"row\",\"props\":{\"layout\":\"1-4,1-2,1-4\"},\"children\":[{\"type\":\"column\",\"props\":{\"image_position\":\"center-center\",\"position_sticky_breakpoint\":\"m\",\"width_medium\":\"1-4\"},\"children\":[{\"type\":\"headline\",\"props\":{\"content\":\"Entre em contato\",\"title_element\":\"h1\"}},{\"type\":\"text\",\"props\":{\"column_breakpoint\":\"m\",\"content\":\"\n\n<p>Tem alguma d\\u00favida, sugest\\u00e3o ou quer apenas dizer oi? Envie-me uma mensagem usando o formul\\u00e1rio nesta p\\u00e1gina! Farei o poss\\u00edvel para responder em breve. Obrigado pela visita!<\\\/p>\",\"margin\":\"default\"}}]},{\"type\":\"column\",\"props\":{\"image_position\":\"center-center\",\"position_sticky_breakpoint\":\"m\",\"width_medium\":\"1-2\"},\"children\":[{\"type\":\"fragment\",\"props\":{\"margin\":\"default\",\"yooessentials_form\":{\"state\":true,\"after_submit_actions\":[{\"id\":\"EEB902\",\"type\":\"email\",\"props\":{\"html\":true,\"attachments\":[null],\"submitted_attachments\":[null],\"subject\":\"Contact | Roberto Arag\\u00e3o Blog\",\"recipients\":\"rob@budocreative.com\",\"body\":\"\n\n<p><strong>Name:<\\\/strong> {Name}<\\\/p>\\n\n\n<p><strong>Email:<\\\/strong> {Email}<\\\/p>\\n\n\n<p><strong>Message:<\\\/strong> {Message}<\\\/p>\\n\n\n<p><strong>Subscribe?<\\\/strong> {Newsletter}<\\\/p>\",\"reply_tos\":\"{Email}\",\"from_name\":\"\"}},{\"id\":\"B7E8E0\",\"type\":\"message\",\"props\":{\"content\":\"\n\n<h2 class=\\\"my-0\\\">Obrigado por entrar em contato!<\\\/h2>\\n\n\n<p class=\\\"my-0\\\">Sua mensagem foi enviada com sucesso e entrarei em contato o mais breve poss\\u00edvel \\u2014 geralmente em 24 a 48 horas.<\\\/p>\\n\n\n<p class=\\\"my-0\\\">Enquanto isso, fique \\u00e0 vontade para conferir as \\u00faltimas postagens do blog ou se inscrever para receber atualiza\\u00e7\\u00f5es, caso ainda n\\u00e3o tenha feito. Agrade\\u00e7o seu interesse e aguardo seu contato!<\\\/p>\\n\n\n<p class=\\\"my-0\\\">Atenciosamente,<br \\\/>Roberto Arag\\u00e3o<\\\/p>\",\"modal_center\":true}}],\"html5validation\":true,\"reset_after_submit\":true,\"override_action_url\":false,\"action_method\":\"POST\",\"errors_display_modal\":true,\"errors_display_modal_center\":true,\"id\":\"contact\"}},\"children\":[{\"type\":\"row\",\"children\":[{\"type\":\"column\",\"props\":{\"image_position\":\"center-center\",\"position_sticky_breakpoint\":\"m\"},\"children\":[{\"type\":\"yooessentials_form_input\",\"props\":{\"control_icon_align\":\"left\",\"fullwidth\":true,\"grid_column_gap\":\"small\",\"grid_columns_number\":\"auto\",\"grid_row_gap\":\"small\",\"margin\":\"default\",\"show_icon\":true,\"show_label\":true},\"children\":[{\"type\":\"yooessentials_form_input_text\",\"props\":{\"control_error_message\":\"Digite o seu nome\",\"control_icon\":\"user\",\"control_id_inherit\":true,\"control_label\":\"Nome\",\"control_name\":\"Nome\",\"control_required\":true}},{\"type\":\"yooessentials_form_input_email\",\"props\":{\"control_error_message\":\"Digite o seu email\",\"control_icon\":\"mail\",\"control_id_inherit\":true,\"control_label\":\"Email\",\"control_name\":\"Email\",\"control_required\":true}}]},{\"type\":\"yooessentials_form_textarea\",\"props\":{\"control_error_message\":\"Por favor, digite a sua mensagem\",\"control_id_inherit\":true,\"control_label\":\"Mensagem\",\"control_name\":\"Mensagem\",\"control_required\":true,\"control_rows\":4,\"control_size\":\"large\",\"margin\":\"default\"}},{\"type\":\"yooessentials_form_checkbox\",\"props\":{\"control_error_message\":\"Por favor, escolha uma op\\u00e7\\u00e3o\",\"control_id_inherit\":true,\"control_label\":\"Inscreva-se na minha newsletter para ser notificado sobre novos artigos!\",\"control_layout\":\"vertical\",\"control_name\":\"Newsletter\",\"control_required\":true,\"margin\":\"default\"},\"children\":[{\"type\":\"yooessentials_form_option\",\"props\":{\"disabled\":false,\"value\":\"Sim, inscreva-me!\"}},{\"type\":\"yooessentials_form_option\",\"props\":{\"disabled\":false,\"value\":\"Agora n\\u00e3o, obrigado(a).\"}}]},{\"type\":\"yooessentials_form_honeypot\",\"props\":{\"control_min_seconds\":5,\"control_name\":\"honeypot_contact\"}},{\"type\":\"yooessentials_form_recaptcha\",\"props\":{\"control_action\":\"yoothemepro_form_submit\",\"control_badge_position\":\"bottomright\",\"control_secret_key\":\"6LcGn8IqAAAAACGveeeiaGpkzKxBg9p8RPW_re0H\",\"control_site_key\":\"6LcGn8IqAAAAAE9qbf3E_3jqb20gs0qG62ZLLN4q\",\"control_size\":\"normal\",\"control_theme\":\"light\",\"control_threshold\":\"0.5\",\"control_type\":\"v2-checkbox\",\"margin\":\"default\",\"recaptcha_version\":\"v2\"}},{\"type\":\"yooessentials_form_button\",\"props\":{\"grid_column_gap\":\"small\",\"grid_row_gap\":\"small\",\"margin\":\"default\"},\"children\":[{\"type\":\"yooessentials_form_button_item\",\"props\":{\"button_style\":\"primary\",\"content\":\"Send\",\"icon\":\"feather--send\",\"icon_align\":\"left\"}}]}]}]}],\"formid\":\"755a5087\"}]},{\"type\":\"column\",\"props\":{\"image_position\":\"center-center\",\"position_sticky_breakpoint\":\"m\",\"width_medium\":\"1-4\"}}]}]}],\"version\":\"4.5.24\",\"yooessentialsVersion\":\"2.4.3\"} --><\/p>\n","protected":false},"excerpt":{"rendered":"<p>Entre em contato Tem alguma d\u00favida, sugest\u00e3o ou quer apenas dizer oi? Envie-me uma mensagem usando o formul\u00e1rio nesta p\u00e1gina! Farei o poss\u00edvel para responder em breve. Obrigado pela visita!<\/p>\n","protected":false},"author":1,"featured_media":0,"parent":0,"menu_order":0,"comment_status":"closed","ping_status":"closed","template":"","meta":{"footnotes":""},"class_list":["post-92","page","type-page","status-publish","hentry"],"_links":{"self":[{"href":"https:\/\/www.robertoaragao.com\/pt-br\/wp-json\/wp\/v2\/pages\/92","targetHints":{"allow":["GET"]}}],"collection":[{"href":"https:\/\/www.robertoaragao.com\/pt-br\/wp-json\/wp\/v2\/pages"}],"about":[{"href":"https:\/\/www.robertoaragao.com\/pt-br\/wp-json\/wp\/v2\/types\/page"}],"author":[{"embeddable":true,"href":"https:\/\/www.robertoaragao.com\/pt-br\/wp-json\/wp\/v2\/users\/1"}],"replies":[{"embeddable":true,"href":"https:\/\/www.robertoaragao.com\/pt-br\/wp-json\/wp\/v2\/comments?post=92"}],"version-history":[{"count":8,"href":"https:\/\/www.robertoaragao.com\/pt-br\/wp-json\/wp\/v2\/pages\/92\/revisions"}],"predecessor-version":[{"id":118,"href":"https:\/\/www.robertoaragao.com\/pt-br\/wp-json\/wp\/v2\/pages\/92\/revisions\/118"}],"wp:attachment":[{"href":"https:\/\/www.robertoaragao.com\/pt-br\/wp-json\/wp\/v2\/media?parent=92"}],"curies":[{"name":"wp","href":"https:\/\/api.w.org\/{rel}","templated":true}]}}